{"id":124,"date":"2024-10-30T14:53:47","date_gmt":"2024-10-30T14:53:47","guid":{"rendered":"https:\/\/www.qceuticals.com\/?page_id=124"},"modified":"2024-11-14T11:08:02","modified_gmt":"2024-11-14T11:08:02","slug":"impressum","status":"publish","type":"page","link":"https:\/\/www.qceuticals.com\/de\/impressum\/","title":{"rendered":"Impressum"},"content":{"rendered":"<h1><b>Impressum<\/b><\/h1>\n<p>&nbsp;<\/p>\n<p class=\"p4\">Angaben\u00a0gem\u00e4\u00df \u00a7 5 TMG:<\/p>\n<p class=\"p5\"><strong>Qventis GmbH<\/strong><br \/>\nNeuendorfstra\u00dfe 18 A<\/p>\n<p class=\"p5\">16761 Hennigsdorf<\/p>\n<p class=\"p5\">Vertreten durch die Gesch\u00e4ftsf\u00fchrer:<br \/>\nDr. Lidia de Oliveira Barbosa Nachbaur<\/p>\n<p class=\"p5\">Kontakt:<br \/>\nTelefon: 03302 2006 784<br \/>\nFax: 03302 2006 786<\/p>\n<p class=\"p6\">E-Mail: <a href=\"mailto:info@qventis.com\"><span class=\"s1\">info@qventis.com<\/span><\/a><span class=\"s1\"><br \/>\nRegistergericht: Amtsgericht Neuruppin<br \/>\nRegisternummer: HRB 11641NP<br \/>\nRechtsform: Gesellschaft mit beschr\u00e4nkter Haftung<\/span><\/p>\n<p class=\"p5\">Umsatzsteuer-ID: DE 310117789<\/p>\n","protected":false},"excerpt":{"rendered":"<p>Impressum &nbsp; Angaben\u00a0gem\u00e4\u00df \u00a7 5 TMG: Qventis GmbH Neuendorfstra\u00dfe 18 A 16761 Hennigsdorf Vertreten durch die Gesch\u00e4ftsf\u00fchrer: Dr. Lidia de Oliveira Barbosa Nachbaur Kontakt: Telefon: 03302 2006 784 Fax: 03302 2006 786 E-Mail: info@qventis.com Registergericht: Amtsgericht Neuruppin Registernummer: HRB 11641NP Rechtsform: Gesellschaft mit beschr\u00e4nkter Haftung Umsatzsteuer-ID: DE 310117789<\/p>\n","protected":false},"author":1,"featured_media":0,"parent":0,"menu_order":0,"comment_status":"closed","ping_status":"closed","template":"","meta":{"_acf_changed":false,"footnotes":""},"class_list":["post-124","page","type-page","status-publish","hentry"],"acf":[],"yoast_head":"<!-- This site is optimized with the Yoast SEO plugin v25.4 - https:\/\/yoast.com\/wordpress\/plugins\/seo\/ -->\n<title>Impressum - Qceulticals<\/title>\n<meta name=\"robots\" content=\"index, follow, max-snippet:-1, max-image-preview:large, max-video-preview:-1\" \/>\n<link rel=\"canonical\" href=\"https:\/\/www.qceuticals.com\/de\/impressum\/\" \/>\n<meta property=\"og:locale\" content=\"de_DE\" \/>\n<meta property=\"og:type\" content=\"article\" \/>\n<meta property=\"og:title\" content=\"Impressum - Qceulticals\" \/>\n<meta property=\"og:description\" content=\"Impressum &nbsp; Angaben\u00a0gem\u00e4\u00df \u00a7 5 TMG: Qventis GmbH Neuendorfstra\u00dfe 18 A 16761 Hennigsdorf Vertreten durch die Gesch\u00e4ftsf\u00fchrer: Dr. Lidia de Oliveira Barbosa Nachbaur Kontakt: Telefon: 03302 2006 784 Fax: 03302 2006 786 E-Mail: info@qventis.com Registergericht: Amtsgericht Neuruppin Registernummer: HRB 11641NP Rechtsform: Gesellschaft mit beschr\u00e4nkter Haftung Umsatzsteuer-ID: DE 310117789\" \/>\n<meta property=\"og:url\" content=\"https:\/\/www.qceuticals.com\/de\/impressum\/\" \/>\n<meta property=\"og:site_name\" content=\"Qceulticals\" \/>\n<meta property=\"article:modified_time\" content=\"2024-11-14T11:08:02+00:00\" \/>\n<meta property=\"og:image\" content=\"https:\/\/www.qceuticals.com\/wp-content\/uploads\/2024\/10\/total-products.webp\" \/>\n\t<meta property=\"og:image:width\" content=\"2560\" \/>\n\t<meta property=\"og:image:height\" content=\"2005\" \/>\n\t<meta property=\"og:image:type\" content=\"image\/webp\" \/>\n<meta name=\"twitter:card\" content=\"summary_large_image\" \/>\n<meta name=\"twitter:label1\" content=\"Gesch\u00e4tzte Lesezeit\" \/>\n\t<meta name=\"twitter:data1\" content=\"1\u00a0Minute\" \/>\n<script type=\"application\/ld+json\" class=\"yoast-schema-graph\">{\"@context\":\"https:\/\/schema.org\",\"@graph\":[{\"@type\":\"WebPage\",\"@id\":\"https:\/\/www.qceuticals.com\/de\/impressum\/\",\"url\":\"https:\/\/www.qceuticals.com\/de\/impressum\/\",\"name\":\"Impressum - Qceulticals\",\"isPartOf\":{\"@id\":\"https:\/\/www.qceuticals.com\/de\/#website\"},\"datePublished\":\"2024-10-30T14:53:47+00:00\",\"dateModified\":\"2024-11-14T11:08:02+00:00\",\"breadcrumb\":{\"@id\":\"https:\/\/www.qceuticals.com\/de\/impressum\/#breadcrumb\"},\"inLanguage\":\"de\",\"potentialAction\":[{\"@type\":\"ReadAction\",\"target\":[\"https:\/\/www.qceuticals.com\/de\/impressum\/\"]}]},{\"@type\":\"BreadcrumbList\",\"@id\":\"https:\/\/www.qceuticals.com\/de\/impressum\/#breadcrumb\",\"itemListElement\":[{\"@type\":\"ListItem\",\"position\":1,\"name\":\"Home\",\"item\":\"https:\/\/www.qceuticals.com\/de\/\"},{\"@type\":\"ListItem\",\"position\":2,\"name\":\"Impressum\"}]},{\"@type\":\"WebSite\",\"@id\":\"https:\/\/www.qceuticals.com\/de\/#website\",\"url\":\"https:\/\/www.qceuticals.com\/de\/\",\"name\":\"Qceulticals\",\"description\":\"Basic &amp; Essentials for skin care\",\"publisher\":{\"@id\":\"https:\/\/www.qceuticals.com\/de\/#organization\"},\"potentialAction\":[{\"@type\":\"SearchAction\",\"target\":{\"@type\":\"EntryPoint\",\"urlTemplate\":\"https:\/\/www.qceuticals.com\/de\/?s={search_term_string}\"},\"query-input\":{\"@type\":\"PropertyValueSpecification\",\"valueRequired\":true,\"valueName\":\"search_term_string\"}}],\"inLanguage\":\"de\"},{\"@type\":\"Organization\",\"@id\":\"https:\/\/www.qceuticals.com\/de\/#organization\",\"name\":\"Qceulticals\",\"url\":\"https:\/\/www.qceuticals.com\/de\/\",\"logo\":{\"@type\":\"ImageObject\",\"inLanguage\":\"de\",\"@id\":\"https:\/\/www.qceuticals.com\/de\/#\/schema\/logo\/image\/\",\"url\":\"https:\/\/www.qceuticals.com\/wp-content\/uploads\/2024\/10\/logo.svg\",\"contentUrl\":\"https:\/\/www.qceuticals.com\/wp-content\/uploads\/2024\/10\/logo.svg\",\"width\":1,\"height\":1,\"caption\":\"Qceulticals\"},\"image\":{\"@id\":\"https:\/\/www.qceuticals.com\/de\/#\/schema\/logo\/image\/\"}}]}<\/script>\n<!-- \/ Yoast SEO plugin. -->","yoast_head_json":{"title":"Impressum - Qceulticals","robots":{"index":"index","follow":"follow","max-snippet":"max-snippet:-1","max-image-preview":"max-image-preview:large","max-video-preview":"max-video-preview:-1"},"canonical":"https:\/\/www.qceuticals.com\/de\/impressum\/","og_locale":"de_DE","og_type":"article","og_title":"Impressum - Qceulticals","og_description":"Impressum &nbsp; Angaben\u00a0gem\u00e4\u00df \u00a7 5 TMG: Qventis GmbH Neuendorfstra\u00dfe 18 A 16761 Hennigsdorf Vertreten durch die Gesch\u00e4ftsf\u00fchrer: Dr. Lidia de Oliveira Barbosa Nachbaur Kontakt: Telefon: 03302 2006 784 Fax: 03302 2006 786 E-Mail: info@qventis.com Registergericht: Amtsgericht Neuruppin Registernummer: HRB 11641NP Rechtsform: Gesellschaft mit beschr\u00e4nkter Haftung Umsatzsteuer-ID: DE 310117789","og_url":"https:\/\/www.qceuticals.com\/de\/impressum\/","og_site_name":"Qceulticals","article_modified_time":"2024-11-14T11:08:02+00:00","og_image":[{"width":2560,"height":2005,"url":"https:\/\/www.qceuticals.com\/wp-content\/uploads\/2024\/10\/total-products.webp","type":"image\/webp"}],"twitter_card":"summary_large_image","twitter_misc":{"Gesch\u00e4tzte Lesezeit":"1\u00a0Minute"},"schema":{"@context":"https:\/\/schema.org","@graph":[{"@type":"WebPage","@id":"https:\/\/www.qceuticals.com\/de\/impressum\/","url":"https:\/\/www.qceuticals.com\/de\/impressum\/","name":"Impressum - Qceulticals","isPartOf":{"@id":"https:\/\/www.qceuticals.com\/de\/#website"},"datePublished":"2024-10-30T14:53:47+00:00","dateModified":"2024-11-14T11:08:02+00:00","breadcrumb":{"@id":"https:\/\/www.qceuticals.com\/de\/impressum\/#breadcrumb"},"inLanguage":"de","potentialAction":[{"@type":"ReadAction","target":["https:\/\/www.qceuticals.com\/de\/impressum\/"]}]},{"@type":"BreadcrumbList","@id":"https:\/\/www.qceuticals.com\/de\/impressum\/#breadcrumb","itemListElement":[{"@type":"ListItem","position":1,"name":"Home","item":"https:\/\/www.qceuticals.com\/de\/"},{"@type":"ListItem","position":2,"name":"Impressum"}]},{"@type":"WebSite","@id":"https:\/\/www.qceuticals.com\/de\/#website","url":"https:\/\/www.qceuticals.com\/de\/","name":"Qceulticals","description":"Basic &amp; Essentials for skin care","publisher":{"@id":"https:\/\/www.qceuticals.com\/de\/#organization"},"potentialAction":[{"@type":"SearchAction","target":{"@type":"EntryPoint","urlTemplate":"https:\/\/www.qceuticals.com\/de\/?s={search_term_string}"},"query-input":{"@type":"PropertyValueSpecification","valueRequired":true,"valueName":"search_term_string"}}],"inLanguage":"de"},{"@type":"Organization","@id":"https:\/\/www.qceuticals.com\/de\/#organization","name":"Qceulticals","url":"https:\/\/www.qceuticals.com\/de\/","logo":{"@type":"ImageObject","inLanguage":"de","@id":"https:\/\/www.qceuticals.com\/de\/#\/schema\/logo\/image\/","url":"https:\/\/www.qceuticals.com\/wp-content\/uploads\/2024\/10\/logo.svg","contentUrl":"https:\/\/www.qceuticals.com\/wp-content\/uploads\/2024\/10\/logo.svg","width":1,"height":1,"caption":"Qceulticals"},"image":{"@id":"https:\/\/www.qceuticals.com\/de\/#\/schema\/logo\/image\/"}}]}},"_links":{"self":[{"href":"https:\/\/www.qceuticals.com\/de\/wp-json\/wp\/v2\/pages\/124","targetHints":{"allow":["GET"]}}],"collection":[{"href":"https:\/\/www.qceuticals.com\/de\/wp-json\/wp\/v2\/pages"}],"about":[{"href":"https:\/\/www.qceuticals.com\/de\/wp-json\/wp\/v2\/types\/page"}],"author":[{"embeddable":true,"href":"https:\/\/www.qceuticals.com\/de\/wp-json\/wp\/v2\/users\/1"}],"replies":[{"embeddable":true,"href":"https:\/\/www.qceuticals.com\/de\/wp-json\/wp\/v2\/comments?post=124"}],"version-history":[{"count":3,"href":"https:\/\/www.qceuticals.com\/de\/wp-json\/wp\/v2\/pages\/124\/revisions"}],"predecessor-version":[{"id":134,"href":"https:\/\/www.qceuticals.com\/de\/wp-json\/wp\/v2\/pages\/124\/revisions\/134"}],"wp:attachment":[{"href":"https:\/\/www.qceuticals.com\/de\/wp-json\/wp\/v2\/media?parent=124"}],"curies":[{"name":"wp","href":"https:\/\/api.w.org\/{rel}","templated":true}]}}